{"id":1477,"date":"2025-07-19T12:16:19","date_gmt":"2025-07-19T10:16:19","guid":{"rendered":"https:\/\/petra-kost.kuich-projects.eu\/?page_id=1477"},"modified":"2025-08-16T14:06:57","modified_gmt":"2025-08-16T12:06:57","slug":"artist-statement","status":"publish","type":"page","link":"https:\/\/petra-kost-web.kuich-projects.eu\/it\/artist-statement\/","title":{"rendered":"Artist Statement"},"content":{"rendered":"[et_pb_section fb_built=&#8220;1&#8243; _builder_version=&#8220;4.27.4&#8243; _module_preset=&#8220;default&#8220; animation_style=&#8220;slide&#8220; animation_direction=&#8220;bottom&#8220; animation_intensity_slide=&#8220;5%&#8220; global_colors_info=&#8220;{}&#8220;][et_pb_row column_structure=&#8220;2_5,3_5&#8243; _builder_version=&#8220;4.27.4&#8243; _module_preset=&#8220;default&#8220; hover_enabled=&#8220;0&#8243; global_colors_info=&#8220;{}&#8220; sticky_enabled=&#8220;0&#8243;][et_pb_column type=&#8220;2_5&#8243; _builder_version=&#8220;4.27.4&#8243; _module_preset=&#8220;default&#8220; global_colors_info=&#8220;{}&#8220;][\/et_pb_column][et_pb_column type=&#8220;3_5&#8243; _builder_version=&#8220;4.27.4&#8243; _module_preset=&#8220;default&#8220; global_colors_info=&#8220;{}&#8220;][et_pb_post_title meta=&#8220;off&#8220; featured_image=&#8220;off&#8220; _builder_version=&#8220;4.27.4&#8243; _module_preset=&#8220;default&#8220; title_font=&#8220;|||on|||||&#8220; global_colors_info=&#8220;{}&#8220;][\/et_pb_post_title][\/et_pb_column][\/et_pb_row][et_pb_row column_structure=&#8220;2_5,3_5&#8243; _builder_version=&#8220;4.27.4&#8243; _module_preset=&#8220;default&#8220; global_colors_info=&#8220;{}&#8220;][et_pb_column type=&#8220;2_5&#8243; _builder_version=&#8220;4.27.4&#8243; _module_preset=&#8220;default&#8220; global_colors_info=&#8220;{}&#8220;][et_pb_image src=&#8220;https:\/\/petra-kost-web.kuich-projects.eu\/wp-content\/uploads\/2025\/07\/Petra_\u00a9-Katrin_Schoening_1T3A5602-Bearbeitet_WEB.jpg&#8220; title_text=&#8220;Petra_\u00a9-Katrin_Scho\u0308ning_1T3A5602-Bearbeitet_WEB&#8220; _builder_version=&#8220;4.27.4&#8243; _module_preset=&#8220;default&#8220; global_colors_info=&#8220;{}&#8220;][\/et_pb_image][\/et_pb_column][et_pb_column type=&#8220;3_5&#8243; _builder_version=&#8220;4.27.4&#8243; _module_preset=&#8220;default&#8220; global_colors_info=&#8220;{}&#8220;][et_pb_text _builder_version=&#8220;4.27.4&#8243; _module_preset=&#8220;default&#8220; global_colors_info=&#8220;{}&#8220;]<p><strong>Tra contraddizione e verit\u00e0<\/strong><br \/><strong>Un appello alla vita dei paradossi <\/strong><\/p>\n<p>La mia arte \u00e8 espressione di un dialogo esistenziale con il mondo \u2013 uno specchio delle tensioni interiori ed esteriori in cui si dispiega il \u201cterribilmente bello\u201d del nostro essere umani. Nei miei dipinti lascio coesistere ci\u00f2 che \u00e8 inconciliabile: colori luminosi incontrano la solitudine silenziosa, figure fragili si mescolano a composizioni energiche. \u00c8 una danza degli opposti \u2013 potente, delicata, contraddittoria.<\/p>\n<p>Indago tra le domande che ribollono sotto la superficie del nostro tempo: l\u2019isolamento in mezzo alla folla, il desiderio di connessione, l\u2019ambivalenza tra speranza e dubbio. Questi temi mi accompagnano dall\u2019adolescenza \u2013 non sono solo riflessioni, ma esperienze vissute. I miei quadri pongono interrogativi. Aprono spazi in cui il complesso, l\u2019indefinibile, il paradossale trova posto \u2013 come invito al confronto, al dialogo, all\u2019immersione profonda.<\/p>\n<p>Il mio processo pittorico \u00e8 orientato al processo, ma anche intuitivo-analitico: la pittura classica ad acrilico e olio si fonde con elementi grafici e tecniche casuali per collegare il visibile con l\u2019inconscio, l\u2019individuale con il collettivo. Lavoro dall\u2019inconscio verso la consapevolezza \u2013 alla ricerca di un linguaggio visivo capace di unire stati emotivamente contraddittori in una forma comune.<\/p>\n<p>Voglio creare immagini che non si limitino a essere osservate, ma che vengano vissute. Devono toccare, provocare, incoraggiare e interrogare \u2013 con la consapevolezza che confrontarsi con le contraddizioni ci avvicina a noi stessi e agli altri. Nell\u2019accettazione del paradosso risiede la possibilit\u00e0 di rendere il mondo non pi\u00f9 semplice, ma pi\u00f9 profondo, onesto e, in definitiva, pi\u00f9 umano.<\/p>[\/et_pb_text][\/et_pb_column][\/et_pb_row][\/et_pb_section]","protected":false},"excerpt":{"rendered":"<p>Zwischen Widerspruch und WahrhaftigkeitPl\u00e4doyer f\u00fcr das paradoxe Leben Meine Kunst ist Ausdruck eines existenziellen Dialogs mit der Welt \u2013 ein Spiegel innerer und \u00e4u\u00dferer Spannungen, in dem sich das \u201cschrecklich Sch\u00f6ne\u201d unseres Menschseins entfaltet. In meinen Bildern lasse ich das Unvereinbare nebeneinander existieren: Leuchtende Farben treffen auf stille Einsamkeit, fragile Figuren auf energetische Kompositionen. Es [&hellip;]<\/p>","protected":false},"author":1,"featured_media":1520,"parent":0,"menu_order":0,"comment_status":"closed","ping_status":"closed","template":"","meta":{"_et_pb_use_builder":"on","_et_pb_old_content":"","_et_gb_content_width":"","footnotes":""},"class_list":["post-1477","page","type-page","status-publish","has-post-thumbnail","hentry"],"_links":{"self":[{"href":"https:\/\/petra-kost-web.kuich-projects.eu\/it\/wp-json\/wp\/v2\/pages\/1477","targetHints":{"allow":["GET"]}}],"collection":[{"href":"https:\/\/petra-kost-web.kuich-projects.eu\/it\/wp-json\/wp\/v2\/pages"}],"about":[{"href":"https:\/\/petra-kost-web.kuich-projects.eu\/it\/wp-json\/wp\/v2\/types\/page"}],"author":[{"embeddable":true,"href":"https:\/\/petra-kost-web.kuich-projects.eu\/it\/wp-json\/wp\/v2\/users\/1"}],"replies":[{"embeddable":true,"href":"https:\/\/petra-kost-web.kuich-projects.eu\/it\/wp-json\/wp\/v2\/comments?post=1477"}],"version-history":[{"count":11,"href":"https:\/\/petra-kost-web.kuich-projects.eu\/it\/wp-json\/wp\/v2\/pages\/1477\/revisions"}],"predecessor-version":[{"id":1828,"href":"https:\/\/petra-kost-web.kuich-projects.eu\/it\/wp-json\/wp\/v2\/pages\/1477\/revisions\/1828"}],"wp:featuredmedia":[{"embeddable":true,"href":"https:\/\/petra-kost-web.kuich-projects.eu\/it\/wp-json\/wp\/v2\/media\/1520"}],"wp:attachment":[{"href":"https:\/\/petra-kost-web.kuich-projects.eu\/it\/wp-json\/wp\/v2\/media?parent=1477"}],"curies":[{"name":"wp","href":"https:\/\/api.w.org\/{rel}","templated":true}]}}