{"id":1491,"date":"2025-07-19T12:30:44","date_gmt":"2025-07-19T10:30:44","guid":{"rendered":"https:\/\/petra-kost.kuich-projects.eu\/?page_id=1491"},"modified":"2025-08-16T14:04:33","modified_gmt":"2025-08-16T12:04:33","slug":"kreationsprozess","status":"publish","type":"page","link":"https:\/\/petra-kost-web.kuich-projects.eu\/en\/kreationsprozess\/","title":{"rendered":"Creation Process"},"content":{"rendered":"[et_pb_section fb_built=&#8220;1&#8243; _builder_version=&#8220;4.27.4&#8243; _module_preset=&#8220;default&#8220; animation_style=&#8220;slide&#8220; animation_direction=&#8220;bottom&#8220; animation_intensity_slide=&#8220;5%&#8220; global_colors_info=&#8220;{}&#8220;][et_pb_row _builder_version=&#8220;4.27.4&#8243; _module_preset=&#8220;default&#8220; global_colors_info=&#8220;{}&#8220;][et_pb_column type=&#8220;4_4&#8243; _builder_version=&#8220;4.27.4&#8243; _module_preset=&#8220;default&#8220; global_colors_info=&#8220;{}&#8220;][et_pb_post_title meta=&#8220;off&#8220; featured_image=&#8220;off&#8220; _builder_version=&#8220;4.27.4&#8243; _module_preset=&#8220;default&#8220; hover_enabled=&#8220;0&#8243; global_colors_info=&#8220;{}&#8220; title_font=&#8220;|||on|||||&#8220; sticky_enabled=&#8220;0&#8243;][\/et_pb_post_title][et_pb_image src=&#8220;https:\/\/petra-kost-web.kuich-projects.eu\/wp-content\/uploads\/2025\/07\/DSC_1496.jpg&#8220; title_text=&#8220;DSC_1496&#8243; _builder_version=&#8220;4.27.4&#8243; _module_preset=&#8220;default&#8220; global_colors_info=&#8220;{}&#8220;][\/et_pb_image][\/et_pb_column][\/et_pb_row][et_pb_row _builder_version=&#8220;4.27.4&#8243; _module_preset=&#8220;default&#8220; global_colors_info=&#8220;{}&#8220;][et_pb_column type=&#8220;4_4&#8243; _builder_version=&#8220;4.27.4&#8243; _module_preset=&#8220;default&#8220; global_colors_info=&#8220;{}&#8220;][et_pb_text _builder_version=&#8220;4.27.4&#8243; _module_preset=&#8220;default&#8220; global_colors_info=&#8220;{}&#8220;]<p>The works of artist Petra Kost arise from a rare interplay of controlled mastery of materials and a radical openness. Each canvas begins with vehement gestures: liquid acrylic, occasionally oil, bitumen, or pigment additives are poured onto the canvas, hurled, and withdrawn. What initially appears to be impulsive terrain already holds poetic potential, the form of which only crystallizes under her precise observation.<\/p>\n<p>In this grey area between chance and intention, the artist unfolds a multi-layered pictorial space. She reads the resulting structures like a panorama of clouds - figures, fragments, and atmospheres emerge, evaporate, and re-emerge. The process constantly oscillates between the unconscious and the conscious: moments of spontaneous action are followed by a contemplative detachment in which composition and thematic condensation are reflected upon.<\/p>\n<p>As soon as a visual trace asserts itself, the \u201cpeeling out\u201d begins: glazes in acrylic and oil, drawn lines in chalk, ink, or charcoal condense the initially amorphous ground into nuanced scenarios. Figurative elements intervene organically in the original random structures, preserving their original energy. The result is an exciting coexistence of chaos and order, of precise placement and expressive gesture\u2014a controlled oscillation that gives each work its unmistakable inner dynamic.<\/p>\n<p>Formally, this dialog is reflected in the juxtaposition of fine lines and two-dimensional explosions of color, translucent overlays, and impasto densification. In terms of content, the works negotiate elementary dualities: loneliness versus security, structure versus dissolution, and beauty versus destruction. It is precisely the artist's ability to maintain these poles in a fragile balance that gives her paintings their special appeal and long-lasting effect.<\/p>\n<p>By revealing the process behind the work, the artist invites the audience to trace the creation of the painting - every layer, every gesture, every break. This transparency not only lends the paintings aesthetic depth, but also a performative dimension: the painting becomes a documented event, visible evidence of an intensive act of artistic research. For collectors, this means a work whose material and non-material value is derived from the sum of its layers, its decisions, and its open questions. This is where the lasting increase in value lies: in the authenticity of a process that brings the invisible to the surface and creates a unique, unmistakable pictorial cosmos.<\/p>[\/et_pb_text][\/et_pb_column][\/et_pb_row][\/et_pb_section]","protected":false},"excerpt":{"rendered":"<p>Die Arbeiten der K\u00fcnstlerin Petra Kost entstehen aus einem seltenen Zusammenspiel von kontrollierter Materialbeherrschung und radikaler Offenheit. Jede Leinwand beginnt mit vehementen Gesten: fl\u00fcssiges Acryl, gelegentlich \u00d6l, Bitumen oder Pigmentzus\u00e4tze werden ausgegossen, geschleudert, zur\u00fcckgenommen. Was zun\u00e4chst als impulsives Terrain erscheint, birgt bereits ein poetisches Potenzial, dessen Form sich erst unter ihrer pr\u00e4zisen Beobachtung herauskristallisiert. In [&hellip;]<\/p>","protected":false},"author":1,"featured_media":1524,"parent":0,"menu_order":0,"comment_status":"closed","ping_status":"closed","template":"","meta":{"_et_pb_use_builder":"on","_et_pb_old_content":"","_et_gb_content_width":"","footnotes":""},"class_list":["post-1491","page","type-page","status-publish","has-post-thumbnail","hentry"],"_links":{"self":[{"href":"https:\/\/petra-kost-web.kuich-projects.eu\/en\/wp-json\/wp\/v2\/pages\/1491","targetHints":{"allow":["GET"]}}],"collection":[{"href":"https:\/\/petra-kost-web.kuich-projects.eu\/en\/wp-json\/wp\/v2\/pages"}],"about":[{"href":"https:\/\/petra-kost-web.kuich-projects.eu\/en\/wp-json\/wp\/v2\/types\/page"}],"author":[{"embeddable":true,"href":"https:\/\/petra-kost-web.kuich-projects.eu\/en\/wp-json\/wp\/v2\/users\/1"}],"replies":[{"embeddable":true,"href":"https:\/\/petra-kost-web.kuich-projects.eu\/en\/wp-json\/wp\/v2\/comments?post=1491"}],"version-history":[{"count":7,"href":"https:\/\/petra-kost-web.kuich-projects.eu\/en\/wp-json\/wp\/v2\/pages\/1491\/revisions"}],"predecessor-version":[{"id":1826,"href":"https:\/\/petra-kost-web.kuich-projects.eu\/en\/wp-json\/wp\/v2\/pages\/1491\/revisions\/1826"}],"wp:featuredmedia":[{"embeddable":true,"href":"https:\/\/petra-kost-web.kuich-projects.eu\/en\/wp-json\/wp\/v2\/media\/1524"}],"wp:attachment":[{"href":"https:\/\/petra-kost-web.kuich-projects.eu\/en\/wp-json\/wp\/v2\/media?parent=1491"}],"curies":[{"name":"wp","href":"https:\/\/api.w.org\/{rel}","templated":true}]}}